{"id":578,"date":"2025-09-05T13:23:47","date_gmt":"2025-09-05T17:23:47","guid":{"rendered":"https:\/\/askounting.com\/?page_id=578"},"modified":"2025-10-28T12:32:36","modified_gmt":"2025-10-28T16:32:36","slug":"industries","status":"publish","type":"page","link":"https:\/\/askounting.com\/fr\/industries\/","title":{"rendered":"Industries"},"content":{"rendered":"","protected":false},"excerpt":{"rendered":"","protected":false},"author":4,"featured_media":0,"parent":0,"menu_order":0,"comment_status":"closed","ping_status":"closed","template":"","meta":{"content-type":"","inline_featured_image":false,"footnotes":""},"class_list":["post-578","page","type-page","status-publish","hentry"],"yoast_head":"<!-- This site is optimized with the Yoast SEO plugin v27.4 - https:\/\/yoast.com\/product\/yoast-seo-wordpress\/ -->\n<title>Solutions comptables infonuagiques pour 4 industries | Askounting<\/title>\n<meta name=\"description\" content=\"D\u00e9couvrez comment Askounting aide les secteurs de la construction, du manufacturier, du commerce \u00e9lectronique et des cabinets comptables \u00e0 se moderniser.\" \/>\n<meta name=\"robots\" content=\"noindex, follow, max-snippet:-1, max-image-preview:large, max-video-preview:-1\" \/>\n<meta property=\"og:locale\" content=\"fr_CA\" \/>\n<meta property=\"og:type\" content=\"article\" \/>\n<meta property=\"og:title\" content=\"Solutions comptables infonuagiques pour 4 industries | Askounting\" \/>\n<meta property=\"og:description\" content=\"D\u00e9couvrez comment Askounting aide les secteurs de la construction, du manufacturier, du commerce \u00e9lectronique et des cabinets comptables \u00e0 se moderniser.\" \/>\n<meta property=\"og:url\" content=\"https:\/\/askounting.com\/fr\/industries\/\" \/>\n<meta property=\"og:site_name\" content=\"Askounting\" \/>\n<meta property=\"article:modified_time\" content=\"2025-10-28T16:32:36+00:00\" \/>\n<meta property=\"og:image\" content=\"https:\/\/askounting.com\/wp-content\/uploads\/2025\/09\/Askounting_accueil-scaled.jpg\" \/>\n\t<meta property=\"og:image:width\" content=\"2560\" \/>\n\t<meta property=\"og:image:height\" content=\"1354\" \/>\n\t<meta property=\"og:image:type\" content=\"image\/jpeg\" \/>\n<meta name=\"twitter:card\" content=\"summary_large_image\" \/>\n<script type=\"application\/ld+json\" class=\"yoast-schema-graph\">{\"@context\":\"https:\\\/\\\/schema.org\",\"@graph\":[{\"@type\":\"WebPage\",\"@id\":\"https:\\\/\\\/askounting.com\\\/fr\\\/industries\\\/\",\"url\":\"https:\\\/\\\/askounting.com\\\/fr\\\/industries\\\/\",\"name\":\"Solutions comptables infonuagiques pour 4 industries | Askounting\",\"isPartOf\":{\"@id\":\"https:\\\/\\\/askounting.com\\\/fr\\\/#website\"},\"datePublished\":\"2025-09-05T17:23:47+00:00\",\"dateModified\":\"2025-10-28T16:32:36+00:00\",\"description\":\"D\u00e9couvrez comment Askounting aide les secteurs de la construction, du manufacturier, du commerce \u00e9lectronique et des cabinets comptables \u00e0 se moderniser.\",\"breadcrumb\":{\"@id\":\"https:\\\/\\\/askounting.com\\\/fr\\\/industries\\\/#breadcrumb\"},\"inLanguage\":\"fr-CA\",\"potentialAction\":[{\"@type\":\"ReadAction\",\"target\":[\"https:\\\/\\\/askounting.com\\\/fr\\\/industries\\\/\"]}]},{\"@type\":\"BreadcrumbList\",\"@id\":\"https:\\\/\\\/askounting.com\\\/fr\\\/industries\\\/#breadcrumb\",\"itemListElement\":[{\"@type\":\"ListItem\",\"position\":1,\"name\":\"Home\",\"item\":\"https:\\\/\\\/askounting.com\\\/fr\\\/\"},{\"@type\":\"ListItem\",\"position\":2,\"name\":\"Industries\"}]},{\"@type\":\"WebSite\",\"@id\":\"https:\\\/\\\/askounting.com\\\/fr\\\/#website\",\"url\":\"https:\\\/\\\/askounting.com\\\/fr\\\/\",\"name\":\"Askounting\",\"description\":\"Implantation \u2013 Migration \u2013 Support\",\"potentialAction\":[{\"@type\":\"SearchAction\",\"target\":{\"@type\":\"EntryPoint\",\"urlTemplate\":\"https:\\\/\\\/askounting.com\\\/fr\\\/?s={search_term_string}\"},\"query-input\":{\"@type\":\"PropertyValueSpecification\",\"valueRequired\":true,\"valueName\":\"search_term_string\"}}],\"inLanguage\":\"fr-CA\"}]}<\/script>\n<!-- \/ Yoast SEO plugin. -->","yoast_head_json":{"title":"Solutions comptables infonuagiques pour 4 industries | Askounting","description":"D\u00e9couvrez comment Askounting aide les secteurs de la construction, du manufacturier, du commerce \u00e9lectronique et des cabinets comptables \u00e0 se moderniser.","robots":{"index":"noindex","follow":"follow","max-snippet":"max-snippet:-1","max-image-preview":"max-image-preview:large","max-video-preview":"max-video-preview:-1"},"og_locale":"fr_CA","og_type":"article","og_title":"Solutions comptables infonuagiques pour 4 industries | Askounting","og_description":"D\u00e9couvrez comment Askounting aide les secteurs de la construction, du manufacturier, du commerce \u00e9lectronique et des cabinets comptables \u00e0 se moderniser.","og_url":"https:\/\/askounting.com\/fr\/industries\/","og_site_name":"Askounting","article_modified_time":"2025-10-28T16:32:36+00:00","og_image":[{"width":2560,"height":1354,"url":"https:\/\/askounting.com\/wp-content\/uploads\/2025\/09\/Askounting_accueil-scaled.jpg","type":"image\/jpeg"}],"twitter_card":"summary_large_image","schema":{"@context":"https:\/\/schema.org","@graph":[{"@type":"WebPage","@id":"https:\/\/askounting.com\/fr\/industries\/","url":"https:\/\/askounting.com\/fr\/industries\/","name":"Solutions comptables infonuagiques pour 4 industries | Askounting","isPartOf":{"@id":"https:\/\/askounting.com\/fr\/#website"},"datePublished":"2025-09-05T17:23:47+00:00","dateModified":"2025-10-28T16:32:36+00:00","description":"D\u00e9couvrez comment Askounting aide les secteurs de la construction, du manufacturier, du commerce \u00e9lectronique et des cabinets comptables \u00e0 se moderniser.","breadcrumb":{"@id":"https:\/\/askounting.com\/fr\/industries\/#breadcrumb"},"inLanguage":"fr-CA","potentialAction":[{"@type":"ReadAction","target":["https:\/\/askounting.com\/fr\/industries\/"]}]},{"@type":"BreadcrumbList","@id":"https:\/\/askounting.com\/fr\/industries\/#breadcrumb","itemListElement":[{"@type":"ListItem","position":1,"name":"Home","item":"https:\/\/askounting.com\/fr\/"},{"@type":"ListItem","position":2,"name":"Industries"}]},{"@type":"WebSite","@id":"https:\/\/askounting.com\/fr\/#website","url":"https:\/\/askounting.com\/fr\/","name":"Askounting","description":"Implantation \u2013 Migration \u2013 Support","potentialAction":[{"@type":"SearchAction","target":{"@type":"EntryPoint","urlTemplate":"https:\/\/askounting.com\/fr\/?s={search_term_string}"},"query-input":{"@type":"PropertyValueSpecification","valueRequired":true,"valueName":"search_term_string"}}],"inLanguage":"fr-CA"}]}},"_links":{"self":[{"href":"https:\/\/askounting.com\/fr\/wp-json\/wp\/v2\/pages\/578","targetHints":{"allow":["GET"]}}],"collection":[{"href":"https:\/\/askounting.com\/fr\/wp-json\/wp\/v2\/pages"}],"about":[{"href":"https:\/\/askounting.com\/fr\/wp-json\/wp\/v2\/types\/page"}],"author":[{"embeddable":true,"href":"https:\/\/askounting.com\/fr\/wp-json\/wp\/v2\/users\/4"}],"replies":[{"embeddable":true,"href":"https:\/\/askounting.com\/fr\/wp-json\/wp\/v2\/comments?post=578"}],"version-history":[{"count":3,"href":"https:\/\/askounting.com\/fr\/wp-json\/wp\/v2\/pages\/578\/revisions"}],"predecessor-version":[{"id":1488,"href":"https:\/\/askounting.com\/fr\/wp-json\/wp\/v2\/pages\/578\/revisions\/1488"}],"wp:attachment":[{"href":"https:\/\/askounting.com\/fr\/wp-json\/wp\/v2\/media?parent=578"}],"curies":[{"name":"wp","href":"https:\/\/api.w.org\/{rel}","templated":true}]}}